{"id":154,"date":"2023-07-19T15:39:20","date_gmt":"2023-07-19T15:39:20","guid":{"rendered":"https:\/\/consultingimmigration.com\/?page_id=154"},"modified":"2023-07-24T17:32:26","modified_gmt":"2023-07-24T17:32:26","slug":"join-the-team","status":"publish","type":"page","link":"https:\/\/consultingimmigration.com\/es\/join-the-team\/","title":{"rendered":"Join the Team"},"content":{"rendered":"<p>[et_pb_section fb_built=&#8221;1&#8243; custom_padding_last_edited=&#8221;off|desktop&#8221; admin_label=&#8221;Header&#8221; _builder_version=&#8221;4.18.0&#8243; use_background_color_gradient=&#8221;on&#8221; background_color_gradient_stops=&#8221;rgba(0,155,160,0.8) 0%|rgba(20,97,123,0.5) 100%&#8221; background_color_gradient_overlays_image=&#8221;on&#8221; background_image=&#8221;https:\/\/consultingimmigration.com\/wp-content\/uploads\/2023\/07\/linkedin-sales-solutions-i1MXZuHqD2k-unsplash-1.jpg&#8221; custom_padding=&#8221;5vw||5vw||true|false&#8221; custom_padding_tablet=&#8221;||||false|false&#8221; custom_padding_phone=&#8221;||||false|false&#8221; da_disable_devices=&#8221;off|off|off&#8221; global_colors_info=&#8221;{}&#8221; da_is_popup=&#8221;off&#8221; da_exit_intent=&#8221;off&#8221; da_has_close=&#8221;on&#8221; da_alt_close=&#8221;off&#8221; da_dark_close=&#8221;off&#8221; da_not_modal=&#8221;on&#8221; da_is_singular=&#8221;off&#8221; da_with_loader=&#8221;off&#8221; da_has_shadow=&#8221;on&#8221;][et_pb_row _builder_version=&#8221;4.18.0&#8243; max_width=&#8221;1200px&#8221; custom_padding=&#8221;4%|4%|4%|4%|true|true&#8221; border_color_all=&#8221;#1b123d&#8221; border_width_bottom=&#8221;8px&#8221; border_color_bottom=&#8221;#FFFFFF&#8221; border_width_left=&#8221;8px&#8221; border_color_left=&#8221;#FFFFFF&#8221; global_colors_info=&#8221;{}&#8221;][et_pb_column type=&#8221;4_4&#8243; _builder_version=&#8221;4.16&#8243; custom_padding_tablet=&#8221;|||30px|false|false&#8221; custom_padding_last_edited=&#8221;off|desktop&#8221; global_colors_info=&#8221;{}&#8221;][et_pb_text _builder_version=&#8221;4.18.0&#8243; text_font=&#8221;|600|||||||&#8221; text_font_size=&#8221;20px&#8221; text_line_height=&#8221;1.5em&#8221; header_font=&#8221;Heebo|900||on|||||&#8221; header_font_size=&#8221;55px&#8221; header_letter_spacing=&#8221;0.05em&#8221; header_line_height=&#8221;1.2em&#8221; header_2_font=&#8221;Heebo|700||on|||||&#8221; header_2_font_size=&#8221;24px&#8221; header_2_letter_spacing=&#8221;0.4em&#8221; header_2_line_height=&#8221;1.3em&#8221; background_layout=&#8221;dark&#8221; text_font_size_tablet=&#8221;18px&#8221; text_font_size_phone=&#8221;14px&#8221; text_font_size_last_edited=&#8221;on|tablet&#8221; header_font_size_tablet=&#8221;60px&#8221; header_font_size_phone=&#8221;30px&#8221; header_font_size_last_edited=&#8221;on|phone&#8221; header_2_font_size_tablet=&#8221;18px&#8221; header_2_font_size_phone=&#8221;14px&#8221; header_2_font_size_last_edited=&#8221;on|phone&#8221; locked=&#8221;off&#8221; global_colors_info=&#8221;{}&#8221;]<\/p>\n<h1>\u00danete a nuestro equipo<\/h1>\n<h2>Y gana atractivas COMISIONES<\/h2>\n<p>[\/et_pb_text][\/et_pb_column][\/et_pb_row][et_pb_row custom_padding_last_edited=&#8221;off|tablet&#8221; _builder_version=&#8221;4.18.0&#8243; max_width=&#8221;1200px&#8221; custom_padding=&#8221;38px||4%||false|false&#8221; border_width_right=&#8221;8px&#8221; border_color_right=&#8221;#FFFFFF&#8221; global_colors_info=&#8221;{}&#8221;][et_pb_column type=&#8221;4_4&#8243; _builder_version=&#8221;4.16&#8243; global_colors_info=&#8221;{}&#8221;][\/et_pb_column][\/et_pb_row][\/et_pb_section][et_pb_section fb_built=&#8221;1&#8243; admin_label=&#8221;Services&#8221; _builder_version=&#8221;4.16&#8243; background_color=&#8221;rgba(0,0,0,0)&#8221; custom_padding=&#8221;0px||||false|false&#8221; da_disable_devices=&#8221;off|off|off&#8221; global_colors_info=&#8221;{}&#8221; da_is_popup=&#8221;off&#8221; da_exit_intent=&#8221;off&#8221; da_has_close=&#8221;on&#8221; da_alt_close=&#8221;off&#8221; da_dark_close=&#8221;off&#8221; da_not_modal=&#8221;on&#8221; da_is_singular=&#8221;off&#8221; da_with_loader=&#8221;off&#8221; da_has_shadow=&#8221;on&#8221;][et_pb_row column_structure=&#8221;1_4,1_4,1_4,1_4&#8243; use_custom_gutter=&#8221;on&#8221; gutter_width=&#8221;2&#8243; custom_padding_last_edited=&#8221;on|phone&#8221; _builder_version=&#8221;4.18.0&#8243; background_color=&#8221;#003b49&#8243; width=&#8221;95%&#8221; max_width=&#8221;1200px&#8221; custom_margin=&#8221;-8vw||||false|false&#8221; custom_padding=&#8221;50px|35px|50px|35px|true|true&#8221; custom_padding_tablet=&#8221;50px|30px|50px|30px|true|true&#8221; custom_padding_phone=&#8221;40px||40px||true|true&#8221; border_radii=&#8221;on|5px|5px|5px|5px&#8221; box_shadow_style=&#8221;preset1&#8243; locked=&#8221;off&#8221; global_colors_info=&#8221;{}&#8221;][et_pb_column type=&#8221;1_4&#8243; _builder_version=&#8221;4.16&#8243; global_colors_info=&#8221;{}&#8221;][et_pb_blurb title=&#8221;\u00bfConoces a alguien que necesita ayuda legal migratoria?&#8221; use_icon=&#8221;on&#8221; font_icon=&#8221;&#xe0ff;||divi||400&#8243; icon_color=&#8221;#FFFFFF&#8221; image_icon_width=&#8221;55px&#8221; icon_alignment=&#8221;left&#8221; content_max_width=&#8221;100%&#8221; _builder_version=&#8221;4.18.0&#8243; header_level=&#8221;h3&#8243; header_font=&#8221;Heebo|900|||||||&#8221; header_font_size=&#8221;24px&#8221; header_line_height=&#8221;1.3em&#8221; body_font_size=&#8221;16px&#8221; body_line_height=&#8221;2em&#8221; background_layout=&#8221;dark&#8221; header_font_size_tablet=&#8221;&#8221; header_font_size_phone=&#8221;20px&#8221; header_font_size_last_edited=&#8221;on|desktop&#8221; body_font_size_tablet=&#8221;14px&#8221; body_font_size_phone=&#8221;&#8221; body_font_size_last_edited=&#8221;on|phone&#8221; global_colors_info=&#8221;{}&#8221;]<\/p>\n<p>Esta oportunidad es para ti si conoces personas que necesiten ayuda legal con su status en M\u00e9xico, Visas, Residencias y m\u00e1s&#8230;<\/p>\n<p>[\/et_pb_blurb][\/et_pb_column][et_pb_column type=&#8221;1_4&#8243; _builder_version=&#8221;4.16&#8243; global_colors_info=&#8221;{}&#8221;][et_pb_blurb title=&#8221;Cont\u00e1ctalo con nosotros&#8221; use_icon=&#8221;on&#8221; font_icon=&#8221;&#xe026;||divi||400&#8243; icon_color=&#8221;#FFFFFF&#8221; image_icon_width=&#8221;55px&#8221; icon_alignment=&#8221;left&#8221; content_max_width=&#8221;100%&#8221; _builder_version=&#8221;4.18.0&#8243; header_level=&#8221;h3&#8243; header_font=&#8221;Heebo|900|||||||&#8221; header_font_size=&#8221;24px&#8221; header_line_height=&#8221;1.3em&#8221; body_font_size=&#8221;16px&#8221; body_line_height=&#8221;2em&#8221; background_layout=&#8221;dark&#8221; header_font_size_tablet=&#8221;&#8221; header_font_size_phone=&#8221;20px&#8221; header_font_size_last_edited=&#8221;on|desktop&#8221; body_font_size_tablet=&#8221;14px&#8221; body_font_size_phone=&#8221;&#8221; body_font_size_last_edited=&#8221;on|phone&#8221; locked=&#8221;off&#8221; global_colors_info=&#8221;{}&#8221;]<\/p>\n<p>Ponlo en contacto con nosotros y cuando contrate el servicio recibe una atractiva comisi\u00f3n de hasta $500 dlls.<\/p>\n<p>[\/et_pb_blurb][\/et_pb_column][et_pb_column type=&#8221;1_4&#8243; _builder_version=&#8221;4.16&#8243; global_colors_info=&#8221;{}&#8221;][et_pb_blurb title=&#8221;Registrate y obten comisiones&#8221; use_icon=&#8221;on&#8221; font_icon=&#8221;&#x6c;||divi||400&#8243; icon_color=&#8221;#FFFFFF&#8221; image_icon_width=&#8221;55px&#8221; icon_alignment=&#8221;left&#8221; content_max_width=&#8221;100%&#8221; _builder_version=&#8221;4.18.0&#8243; header_level=&#8221;h3&#8243; header_font=&#8221;Heebo|900|||||||&#8221; header_font_size=&#8221;24px&#8221; header_line_height=&#8221;1.3em&#8221; body_font_size=&#8221;16px&#8221; body_line_height=&#8221;2em&#8221; background_layout=&#8221;dark&#8221; hover_enabled=&#8221;0&#8243; header_font_size_tablet=&#8221;&#8221; header_font_size_phone=&#8221;20px&#8221; header_font_size_last_edited=&#8221;on|phone&#8221; body_font_size_tablet=&#8221;14px&#8221; body_font_size_phone=&#8221;&#8221; body_font_size_last_edited=&#8221;on|phone&#8221; locked=&#8221;off&#8221; global_colors_info=&#8221;{}&#8221; sticky_enabled=&#8221;0&#8243;]<\/p>\n<p>Solo sigue estos sencillos pasos:<\/p>\n<ol>\n<li>Env\u00edanos un Whatsapp para conocer toda la informaci\u00f3n<\/li>\n<li>Te proporcionaremos un folio de vendedor<\/li>\n<li>Daselo a tus conocidos para que nos contacten<\/li>\n<li>Comienza a ganar dinero por referidos<\/li>\n<\/ol>\n<p>[\/et_pb_blurb][\/et_pb_column][et_pb_column type=&#8221;1_4&#8243; _builder_version=&#8221;4.16&#8243; global_colors_info=&#8221;{}&#8221;][et_pb_blurb title=&#8221;Reg\u00edstrate aqu\u00ed&#8221; use_icon=&#8221;on&#8221; font_icon=&#8221;&#xe010;||divi||400&#8243; icon_color=&#8221;#FFFFFF&#8221; image_icon_width=&#8221;55px&#8221; icon_alignment=&#8221;left&#8221; content_max_width=&#8221;100%&#8221; _builder_version=&#8221;4.18.0&#8243; header_level=&#8221;h3&#8243; header_font=&#8221;Heebo|900|||||||&#8221; header_font_size=&#8221;24px&#8221; header_line_height=&#8221;1.3em&#8221; body_font_size=&#8221;16px&#8221; body_line_height=&#8221;2em&#8221; background_layout=&#8221;dark&#8221; header_font_size_tablet=&#8221;&#8221; header_font_size_phone=&#8221;20px&#8221; header_font_size_last_edited=&#8221;on|phone&#8221; body_font_size_tablet=&#8221;14px&#8221; body_font_size_phone=&#8221;&#8221; body_font_size_last_edited=&#8221;on|phone&#8221; locked=&#8221;off&#8221; global_colors_info=&#8221;{}&#8221;][\/et_pb_blurb][et_pb_image src=&#8221;https:\/\/consultingimmigration.com\/wp-content\/uploads\/2023\/05\/WhatsApp-logo.png&#8221; title_text=&#8221;WhatsApp-logo&#8221; url=&#8221;https:\/\/wa.link\/hy5l74&#8243; url_new_window=&#8221;on&#8221; _builder_version=&#8221;4.18.0&#8243; _module_preset=&#8221;default&#8221; width=&#8221;60%&#8221; width_tablet=&#8221;60%&#8221; width_phone=&#8221;60%&#8221; width_last_edited=&#8221;on|phone&#8221; module_alignment=&#8221;center&#8221; custom_margin=&#8221;30px||||false|false&#8221; animation_style=&#8221;zoom&#8221; animation_delay=&#8221;100ms&#8221; global_colors_info=&#8221;{}&#8221;][\/et_pb_image][et_pb_text _builder_version=&#8221;4.18.0&#8243; _module_preset=&#8221;default&#8221; text_font_size=&#8221;16px&#8221; hover_enabled=&#8221;0&#8243; global_colors_info=&#8221;{}&#8221; sticky_enabled=&#8221;0&#8243;]<\/p>\n<p style=\"text-align: center;\"><span style=\"color: #ffffff;\"><strong>Dale click aqu\u00ed para obtener toda la informaci\u00f3n<\/strong><\/span><\/p>\n<p>[\/et_pb_text][\/et_pb_column][\/et_pb_row][\/et_pb_section][et_pb_section fb_built=&#8221;1&#8243; admin_label=&#8221;Features&#8221; _builder_version=&#8221;4.16&#8243; da_disable_devices=&#8221;off|off|off&#8221; locked=&#8221;off&#8221; global_colors_info=&#8221;{}&#8221; da_is_popup=&#8221;off&#8221; da_exit_intent=&#8221;off&#8221; da_has_close=&#8221;on&#8221; da_alt_close=&#8221;off&#8221; da_dark_close=&#8221;off&#8221; da_not_modal=&#8221;on&#8221; da_is_singular=&#8221;off&#8221; da_with_loader=&#8221;off&#8221; da_has_shadow=&#8221;on&#8221;][et_pb_row _builder_version=&#8221;4.16&#8243; locked=&#8221;off&#8221; global_colors_info=&#8221;{}&#8221;][et_pb_column type=&#8221;4_4&#8243; _builder_version=&#8221;4.16&#8243; global_colors_info=&#8221;{}&#8221;][et_pb_text _builder_version=&#8221;4.18.0&#8243; header_2_font=&#8221;Heebo|900||on|||||&#8221; header_2_font_size=&#8221;60px&#8221; header_2_letter_spacing=&#8221;2px&#8221; header_2_line_height=&#8221;1.3em&#8221; custom_padding_tablet=&#8221;|||0px|false|false&#8221; custom_padding_last_edited=&#8221;off|desktop&#8221; header_2_font_size_tablet=&#8221;40px&#8221; header_2_font_size_phone=&#8221;30px&#8221; header_2_font_size_last_edited=&#8221;on|phone&#8221; locked=&#8221;off&#8221; global_colors_info=&#8221;{}&#8221;]<\/p>\n<h2>Servicios que ofrecemos<\/h2>\n<p>[\/et_pb_text][\/et_pb_column][\/et_pb_row][et_pb_row column_structure=&#8221;1_3,1_3,1_3&#8243; use_custom_gutter=&#8221;on&#8221; gutter_width=&#8221;2&#8243; make_equal=&#8221;on&#8221; _builder_version=&#8221;4.18.0&#8243; custom_margin=&#8221;0vw||||false|false&#8221; custom_padding=&#8221;||0px|||&#8221; global_colors_info=&#8221;{}&#8221;][et_pb_column type=&#8221;1_3&#8243; _builder_version=&#8221;4.18.0&#8243; background_color=&#8221;#f4f4f5&#8243; custom_padding=&#8221;30px|30px|30px|30px|true|true&#8221; custom_padding_tablet=&#8221;30px|30px|30px|30px|true|true&#8221; custom_padding_phone=&#8221;20px|20px|20px|20px|true|true&#8221; custom_padding_last_edited=&#8221;on|phone&#8221; border_radii=&#8221;on|10px|10px|10px|10px&#8221; global_colors_info=&#8221;{}&#8221;][et_pb_blurb title=&#8221;Residences&#8221; use_icon=&#8221;on&#8221; font_icon=&#8221;&#xe009;||divi||400&#8243; icon_color=&#8221;#258bc6&#8243; image_icon_width=&#8221;58px&#8221; content_max_width=&#8221;100%&#8221; _builder_version=&#8221;4.18.0&#8243; header_level=&#8221;h3&#8243; header_font=&#8221;Heebo|900|||||||&#8221; header_text_align=&#8221;center&#8221; header_font_size=&#8221;22px&#8221; header_line_height=&#8221;2em&#8221; body_font_size=&#8221;13px&#8221; body_line_height=&#8221;2em&#8221; locked=&#8221;off&#8221; global_colors_info=&#8221;{}&#8221;]<\/p>\n<p style=\"text-align: center;\"><span style=\"font-size: 14px;\">Residencias Permanentes\u00a0<\/span><\/p>\n<p style=\"text-align: center;\"><span style=\"font-size: 14px;\">Residencias Temporales<\/span><\/p>\n<p style=\"text-align: center;\"><span style=\"font-size: 14px;\">Residencias Familiares<\/span><\/p>\n<p style=\"text-align: center;\"><span style=\"font-size: 14px;\">Residencias por razones humanitarias<\/span><\/p>\n<p style=\"text-align: center;\"><span style=\"font-size: 14px;\">Cambio de residencia temporal a permanente<\/span><\/p>\n<p style=\"text-align: center;\"><span style=\"font-size: 14px;\">Cambio de residencia por unidad familiar<\/span><\/p>\n<p style=\"text-align: center;\"><span style=\"font-size: 14px;\"><\/span><\/p>\n<p>[\/et_pb_blurb][\/et_pb_column][et_pb_column type=&#8221;1_3&#8243; _builder_version=&#8221;4.18.0&#8243; background_color=&#8221;#f4f4f5&#8243; custom_padding=&#8221;30px|30px|30px|30px|true|true&#8221; custom_padding_tablet=&#8221;30px|30px|30px|30px|true|true&#8221; custom_padding_phone=&#8221;20px|20px|20px|20px|true|true&#8221; custom_padding_last_edited=&#8221;on|phone&#8221; border_radii=&#8221;on|10px|10px|10px|10px&#8221; global_colors_info=&#8221;{}&#8221;][et_pb_blurb title=&#8221;Visas&#8221; use_icon=&#8221;on&#8221; font_icon=&#8221;&#xe107;||divi||400&#8243; icon_color=&#8221;#258bc6&#8243; image_icon_width=&#8221;58px&#8221; content_max_width=&#8221;100%&#8221; _builder_version=&#8221;4.18.0&#8243; header_level=&#8221;h3&#8243; header_font=&#8221;Heebo|900|||||||&#8221; header_text_align=&#8221;center&#8221; header_font_size=&#8221;22px&#8221; header_line_height=&#8221;2em&#8221; body_line_height=&#8221;2em&#8221; locked=&#8221;off&#8221; global_colors_info=&#8221;{}&#8221;]<\/p>\n<p style=\"text-align: center;\">Visa de trabajo<\/p>\n<p style=\"text-align: center;\">Visa de estudiante<\/p>\n<p style=\"text-align: center;\">Visa por unidad familiar<\/p>\n<p style=\"text-align: center;\">Visa por oferta de trabajo<\/p>\n<p style=\"text-align: center;\">Visa por razones humanitarias<\/p>\n<p style=\"text-align: center;\">[\/et_pb_blurb][\/et_pb_column][et_pb_column type=&#8221;1_3&#8243; _builder_version=&#8221;4.18.0&#8243; background_color=&#8221;#f4f4f5&#8243; custom_padding=&#8221;30px|30px|30px|30px|true|true&#8221; custom_padding_tablet=&#8221;30px|30px|30px|30px|true|true&#8221; custom_padding_phone=&#8221;20px|20px|20px|20px|true|true&#8221; custom_padding_last_edited=&#8221;on|phone&#8221; border_radii=&#8221;on|10px|10px|10px|10px&#8221; global_colors_info=&#8221;{}&#8221;][et_pb_blurb title=&#8221;Other Services&#8221; use_icon=&#8221;on&#8221; font_icon=&#8221;&#xe0ff;||divi||400&#8243; icon_color=&#8221;#258bc6&#8243; image_icon_width=&#8221;58px&#8221; content_max_width=&#8221;100%&#8221; _builder_version=&#8221;4.18.0&#8243; header_level=&#8221;h3&#8243; header_font=&#8221;Heebo|900|||||||&#8221; header_text_align=&#8221;center&#8221; header_font_size=&#8221;22px&#8221; header_line_height=&#8221;2em&#8221; body_line_height=&#8221;2em&#8221; locked=&#8221;off&#8221; global_colors_info=&#8221;{}&#8221;]<\/p>\n<p style=\"text-align: center;\">Legal Advice<\/p>\n<p style=\"text-align: center;\">Real State<\/p>\n<p style=\"text-align: center;\"><span style=\"font-size: 14px;\">Cambio de documento migratorio por CANJE <\/span><\/p>\n<p style=\"text-align: center;\"><span style=\"font-size: 14px;\">Actualizaci\u00f3n de constancia de inscripci\u00f3n del empleador<\/span><\/p>\n<p style=\"text-align: center;\"><span style=\"font-size: 14px;\">Reconocimiento de status de refugiado<\/span><\/p>\n<p style=\"text-align: center;\"><span style=\"font-size: 14px;\">Permiso para salir y regresar a M\u00e9xico<\/span><\/p>\n<p>[\/et_pb_blurb][\/et_pb_column][\/et_pb_row][\/et_pb_section][et_pb_section fb_built=&#8221;1&#8243; custom_padding_last_edited=&#8221;off|desktop&#8221; admin_label=&#8221;Footer&#8221; _builder_version=&#8221;4.18.0&#8243; background_color=&#8221;#003b49&#8243; background_color_gradient_direction=&#8221;90deg&#8221; custom_padding=&#8221;4vw||4vw||true|false&#8221; custom_padding_tablet=&#8221;60px||60px||true|false&#8221; custom_padding_phone=&#8221;40px||40px||true|false&#8221; background_last_edited=&#8221;off|phone&#8221; da_disable_devices=&#8221;off|off|off&#8221; border_color_all=&#8221;rgba(0,0,0,0)&#8221; border_width_right=&#8221;0vw&#8221; border_color_right=&#8221;#f77e53&#8243; box_shadow_horizontal_last_edited=&#8221;off|phone&#8221; locked=&#8221;off&#8221; global_colors_info=&#8221;{}&#8221; da_is_popup=&#8221;off&#8221; da_exit_intent=&#8221;off&#8221; da_has_close=&#8221;on&#8221; da_alt_close=&#8221;off&#8221; da_dark_close=&#8221;off&#8221; da_not_modal=&#8221;on&#8221; da_is_singular=&#8221;off&#8221; da_with_loader=&#8221;off&#8221; da_has_shadow=&#8221;on&#8221;][et_pb_row column_structure=&#8221;1_4,1_4,1_4,1_4&#8243; use_custom_gutter=&#8221;on&#8221; gutter_width=&#8221;1&#8243; _builder_version=&#8221;4.18.0&#8243; width=&#8221;90%&#8221; global_colors_info=&#8221;{}&#8221;][et_pb_column type=&#8221;1_4&#8243; _builder_version=&#8221;4.16&#8243; global_colors_info=&#8221;{}&#8221;][et_pb_text content_tablet=&#8221;<\/p>\n<h6 style=\"%22text-align:\" center;%22>Direcci\u00f3n<\/h6>\n<p style=\"%22text-align:\" center;%22>Avenida Uxmal, Esquina Nader Lote 14 Local 3 Oficina 8 Colonia Centro<\/p>\n<p style=\"%22text-align:\" center;%22>Canc\u00fan Quintana Roo C.P. 77500<\/p>\n<p>&#8221; content_phone=&#8221;<\/p>\n<h6 style=\"%22text-align:\" center;%22>Direcci\u00f3n<\/h6>\n<p style=\"%22text-align:\" center;%22>Avenida Uxmal, Esquina Nader Lote 14 Local 3 Oficina 8 Colonia Centro<\/p>\n<p style=\"%22text-align:\" center;%22>Canc\u00fan Quintana Roo C.P. 77500<\/p>\n<p>&#8221; content_last_edited=&#8221;on|phone&#8221; _builder_version=&#8221;4.18.0&#8243; text_text_color=&#8221;rgba(255,255,255,0.7)&#8221; text_font_size=&#8221;16px&#8221; text_line_height=&#8221;2em&#8221; header_6_font=&#8221;Heebo|700||on|||||&#8221; header_6_text_color=&#8221;#ffffff&#8221; header_6_letter_spacing=&#8221;3px&#8221; header_6_line_height=&#8221;2em&#8221; background_layout=&#8221;dark&#8221; text_font_size_tablet=&#8221;&#8221; text_font_size_phone=&#8221;14px&#8221; text_font_size_last_edited=&#8221;on|phone&#8221; locked=&#8221;off&#8221; global_colors_info=&#8221;{}&#8221;]<\/p>\n<h6 style=\"text-align: center;\">Direcci\u00f3n<\/h6>\n<p style=\"text-align: center;\">Avenida Uxmal, Esquina Nader Lote 14 Local 3 Oficina 8 Colonia Centro<\/p>\n<p style=\"text-align: center;\">Canc\u00fan Quintana Roo C.P. 77500<\/p>\n<p>[\/et_pb_text][\/et_pb_column][et_pb_column type=&#8221;1_4&#8243; _builder_version=&#8221;4.16&#8243; global_colors_info=&#8221;{}&#8221;][et_pb_text content_tablet=&#8221;<\/p>\n<h6 style=\"%22text-align:\" center;%22>Email<\/h6>\n<p style=\"%22text-align:\" center;%22><a href=\"\/es\/%22\/#%22\">info@diviyoga.com<\/a><\/p>\n<p>&#8221; content_phone=&#8221;<\/p>\n<h6 style=\"%22text-align:\" center;%22>Email<\/h6>\n<p style=\"%22text-align:\" center;%22><a href=\"\/es\/%22\/#%22\">info@diviyoga.com<\/a><\/p>\n<p>&#8221; content_last_edited=&#8221;on|phone&#8221; _builder_version=&#8221;4.18.0&#8243; text_font=&#8221;||||||||&#8221; text_text_color=&#8221;rgba(255,255,255,0.7)&#8221; text_font_size=&#8221;11px&#8221; text_line_height=&#8221;2em&#8221; link_text_color=&#8221;rgba(255,255,255,0.7)&#8221; link_font_size=&#8221;16px&#8221; link_line_height=&#8221;2em&#8221; header_6_font=&#8221;Heebo|700||on|||||&#8221; header_6_text_color=&#8221;#ffffff&#8221; header_6_letter_spacing=&#8221;3px&#8221; header_6_line_height=&#8221;2em&#8221; background_layout=&#8221;dark&#8221; width=&#8221;100%&#8221; custom_margin=&#8221;|-24px||18px||&#8221; custom_padding=&#8221;|0px||||&#8221; link_font_size_tablet=&#8221;&#8221; link_font_size_phone=&#8221;14px&#8221; link_font_size_last_edited=&#8221;on|phone&#8221; link_text_shadow_style=&#8221;preset5&#8243; locked=&#8221;off&#8221; global_colors_info=&#8221;{}&#8221;]<\/p>\n<h6 style=\"text-align: center;\">Email<\/h6>\n<p style=\"text-align: center;\"><a href=\"#\">gestionmigratoriapdc@gmail.com<\/a><\/p>\n<p>[\/et_pb_text][\/et_pb_column][et_pb_column type=&#8221;1_4&#8243; _builder_version=&#8221;4.16&#8243; global_colors_info=&#8221;{}&#8221;][et_pb_text content_tablet=&#8221;<\/p>\n<h6 style=\"%22text-align:\" center;%22>Tel\u00e9fono<\/h6>\n<p style=\"%22text-align:\" center;%22>Lic. Jonathan Plate<\/p>\n<p style=\"%22text-align:\" center;%22>998 217 7747<\/p>\n<p style=\"%22text-align:\" center;%22>Lic. Daniel Bane<\/p>\n<p style=\"%22text-align:\" center;%22>998 405 3293<\/p>\n<p>&#8221; content_phone=&#8221;<\/p>\n<h6 style=\"%22text-align:\" center;%22>Tel\u00e9fono<\/h6>\n<p style=\"%22text-align:\" center;%22>Lic. Jonathan Plate<\/p>\n<p style=\"%22text-align:\" center;%22>9841775892<\/p>\n<p>&#8221; content_last_edited=&#8221;on|phone&#8221; _builder_version=&#8221;4.18.0&#8243; text_text_color=&#8221;rgba(255,255,255,0.7)&#8221; text_font_size=&#8221;16px&#8221; text_line_height=&#8221;2em&#8221; header_6_font=&#8221;Heebo|700||on|||||&#8221; header_6_text_color=&#8221;#ffffff&#8221; header_6_letter_spacing=&#8221;3px&#8221; header_6_line_height=&#8221;2em&#8221; background_layout=&#8221;dark&#8221; width=&#8221;100%&#8221; max_width=&#8221;100%&#8221; module_alignment=&#8221;center&#8221; text_font_size_tablet=&#8221;&#8221; text_font_size_phone=&#8221;14px&#8221; text_font_size_last_edited=&#8221;on|phone&#8221; locked=&#8221;off&#8221; global_colors_info=&#8221;{}&#8221;]<\/p>\n<h6 style=\"text-align: center;\">Tel\u00e9fono<\/h6>\n<p style=\"text-align: center;\">Lic. Jonathan Plate<\/p>\n<p style=\"text-align: center;\">984 177 58 92<\/p>\n<p>[\/et_pb_text][\/et_pb_column][et_pb_column type=&#8221;1_4&#8243; _builder_version=&#8221;4.16&#8243; global_colors_info=&#8221;{}&#8221;][et_pb_text content_tablet=&#8221;<\/p>\n<h6 style=\"%22text-align:\" center;%22>S\u00edguenos<\/h6>\n<p>&#8221; content_phone=&#8221;<\/p>\n<h6 style=\"%22text-align:\" center;%22>S\u00edguenos<\/h6>\n<p>&#8221; content_last_edited=&#8221;on|phone&#8221; _builder_version=&#8221;4.18.0&#8243; text_text_color=&#8221;rgba(255,255,255,0.7)&#8221; text_line_height=&#8221;2em&#8221; header_6_font=&#8221;Heebo|700||on|||||&#8221; header_6_text_color=&#8221;#ffffff&#8221; header_6_letter_spacing=&#8221;3px&#8221; header_6_line_height=&#8221;2em&#8221; background_layout=&#8221;dark&#8221; custom_margin=&#8221;||0px||false|false&#8221; locked=&#8221;off&#8221; global_colors_info=&#8221;{}&#8221;]<\/p>\n<h6 style=\"text-align: center;\">S\u00edguenos<\/h6>\n<p>[\/et_pb_text][et_pb_social_media_follow icon_color=&#8221;#ffffff&#8221; use_icon_font_size=&#8221;on&#8221; icon_font_size_tablet=&#8221;25px&#8221; icon_font_size_phone=&#8221;20px&#8221; icon_font_size_last_edited=&#8221;off|desktop&#8221; _builder_version=&#8221;4.18.0&#8243; background_enable_color=&#8221;off&#8221; text_orientation=&#8221;center&#8221; text_orientation_tablet=&#8221;center&#8221; text_orientation_phone=&#8221;center&#8221; text_orientation_last_edited=&#8221;on|phone&#8221; border_radii=&#8221;on|100px|100px|100px|100px&#8221; locked=&#8221;off&#8221; global_colors_info=&#8221;{}&#8221;][et_pb_social_media_follow_network social_network=&#8221;facebook&#8221; url=&#8221;https:\/\/www.facebook.com\/legalimmigrationconsultingmx&#8221; _builder_version=&#8221;4.18.0&#8243; background_color=&#8221;#009ba0&#8243; background_enable_color=&#8221;on&#8221; custom_margin=&#8221;|2px||2px|false|true&#8221; custom_padding=&#8221;8px|8px|8px|8px|true|true&#8221; global_colors_info=&#8221;{}&#8221; follow_button=&#8221;off&#8221; url_new_window=&#8221;on&#8221;]facebook[\/et_pb_social_media_follow_network][et_pb_social_media_follow_network social_network=&#8221;linkedin&#8221; url=&#8221;https:\/\/www.linkedin.com\/company\/legal-immigration-consulting\/&#8221; _builder_version=&#8221;4.18.0&#8243; background_color=&#8221;#009ba0&#8243; background_enable_color=&#8221;on&#8221; custom_margin=&#8221;|2px||2px|false|true&#8221; custom_padding=&#8221;8px|8px|8px|8px|true|true&#8221; global_colors_info=&#8221;{}&#8221; follow_button=&#8221;off&#8221; url_new_window=&#8221;on&#8221;]linkedin[\/et_pb_social_media_follow_network][\/et_pb_social_media_follow][\/et_pb_column][\/et_pb_row][\/et_pb_section]<\/p>","protected":false},"excerpt":{"rendered":"<p>\u00danete a nuestro equipo Y gana atractivas COMISIONESEsta oportunidad es para ti si conoces personas que necesiten ayuda legal con su status en M\u00e9xico, Visas, Residencias y m\u00e1s&#8230;Ponlo en contacto con nosotros y cuando contrate el servicio recibe una atractiva comisi\u00f3n de hasta $500 dlls.Solo sigue estos sencillos pasos: Env\u00edanos un Whatsapp para conocer toda [&hellip;]<\/p>","protected":false},"author":1,"featured_media":0,"parent":0,"menu_order":0,"comment_status":"closed","ping_status":"closed","template":"","meta":{"_et_pb_use_builder":"on","_et_pb_old_content":"<!-- wp:divi\/placeholder \/-->","_et_gb_content_width":"","om_disable_all_campaigns":false,"_monsterinsights_skip_tracking":false,"_monsterinsights_sitenote_active":false,"_monsterinsights_sitenote_note":"","_monsterinsights_sitenote_category":0,"_uf_show_specific_survey":0,"_uf_disable_surveys":false,"footnotes":""},"class_list":["post-154","page","type-page","status-publish","hentry"],"aioseo_notices":[],"_links":{"self":[{"href":"https:\/\/consultingimmigration.com\/es\/wp-json\/wp\/v2\/pages\/154","targetHints":{"allow":["GET"]}}],"collection":[{"href":"https:\/\/consultingimmigration.com\/es\/wp-json\/wp\/v2\/pages"}],"about":[{"href":"https:\/\/consultingimmigration.com\/es\/wp-json\/wp\/v2\/types\/page"}],"author":[{"embeddable":true,"href":"https:\/\/consultingimmigration.com\/es\/wp-json\/wp\/v2\/users\/1"}],"replies":[{"embeddable":true,"href":"https:\/\/consultingimmigration.com\/es\/wp-json\/wp\/v2\/comments?post=154"}],"version-history":[{"count":17,"href":"https:\/\/consultingimmigration.com\/es\/wp-json\/wp\/v2\/pages\/154\/revisions"}],"predecessor-version":[{"id":180,"href":"https:\/\/consultingimmigration.com\/es\/wp-json\/wp\/v2\/pages\/154\/revisions\/180"}],"wp:attachment":[{"href":"https:\/\/consultingimmigration.com\/es\/wp-json\/wp\/v2\/media?parent=154"}],"curies":[{"name":"wp","href":"https:\/\/api.w.org\/{rel}","templated":true}]}}